{"id":1453,"date":"2025-05-19T22:17:09","date_gmt":"2025-05-20T02:17:09","guid":{"rendered":"https:\/\/arlanorte.com.br\/patriota\/?page_id=1453"},"modified":"2025-06-19T21:13:19","modified_gmt":"2025-06-20T01:13:19","slug":"politicas-de-privacidade","status":"publish","type":"page","link":"https:\/\/arlanorte.com.br\/patriota\/politicas-de-privacidade\/","title":{"rendered":"Pol\u00edticas de privacidade"},"content":{"rendered":"\t\t<div data-elementor-type=\"wp-page\" data-elementor-id=\"1453\" class=\"elementor elementor-1453\" data-elementor-post-type=\"page\">\n\t\t\t\t<div data-particle_enable=\"false\" data-particle-mobile-disabled=\"false\" class=\"elementor-element elementor-element-2786ce10 e-flex e-con-boxed e-con e-parent\" data-id=\"2786ce10\" data-element_type=\"container\" data-e-type=\"container\" data-settings=\"{&quot;background_background&quot;:&quot;classic&quot;}\">\n\t\t\t\t\t<div class=\"e-con-inner\">\n\t\t<div data-particle_enable=\"false\" data-particle-mobile-disabled=\"false\" class=\"elementor-element elementor-element-63434702 e-flex e-con-boxed e-con e-child\" data-id=\"63434702\" data-element_type=\"container\" data-e-type=\"container\">\n\t\t\t\t\t<div class=\"e-con-inner\">\n\t\t\t\t<div class=\"elementor-element elementor-element-64721818 elementor-widget elementor-widget-heading\" data-id=\"64721818\" data-element_type=\"widget\" data-e-type=\"widget\" data-widget_type=\"heading.default\">\n\t\t\t\t<div class=\"elementor-widget-container\">\n\t\t\t\t\t<h1 class=\"elementor-heading-title elementor-size-default\">POL\u00cdTICAS DE PRIVACIDADE<\/h1>\t\t\t\t<\/div>\n\t\t\t\t<\/div>\n\t\t\t\t<div class=\"elementor-element elementor-element-565087c4 elementor-widget elementor-widget-text-editor\" data-id=\"565087c4\" data-element_type=\"widget\" data-e-type=\"widget\" data-widget_type=\"text-editor.default\">\n\t\t\t\t<div class=\"elementor-widget-container\">\n\t\t\t\t\t\t\t\t\t<p><a href=\"#\">Home<\/a> | POL\u00cdTICAS<\/p>\t\t\t\t\t\t\t\t<\/div>\n\t\t\t\t<\/div>\n\t\t\t\t\t<\/div>\n\t\t\t\t<\/div>\n\t\t\t\t\t<\/div>\n\t\t\t\t<\/div>\n\t\t<div data-particle_enable=\"false\" data-particle-mobile-disabled=\"false\" class=\"elementor-element elementor-element-2e999a4a e-flex e-con-boxed e-con e-parent\" data-id=\"2e999a4a\" data-element_type=\"container\" data-e-type=\"container\">\n\t\t\t\t\t<div class=\"e-con-inner\">\n\t\t<div data-particle_enable=\"false\" data-particle-mobile-disabled=\"false\" class=\"elementor-element elementor-element-4bf8ac88 e-flex e-con-boxed e-con e-child\" data-id=\"4bf8ac88\" data-element_type=\"container\" data-e-type=\"container\">\n\t\t\t\t\t<div class=\"e-con-inner\">\n\t\t\t\t<div class=\"elementor-element elementor-element-422fe069 elementor-widget elementor-widget-heading\" data-id=\"422fe069\" data-element_type=\"widget\" data-e-type=\"widget\" data-widget_type=\"heading.default\">\n\t\t\t\t<div class=\"elementor-widget-container\">\n\t\t\t\t\t<h2 class=\"elementor-heading-title elementor-size-default\">Nossas Pol\u00edticas<\/h2>\t\t\t\t<\/div>\n\t\t\t\t<\/div>\n\t\t\t\t\t<\/div>\n\t\t\t\t<\/div>\n\t\t\t\t<div class=\"elementor-element elementor-element-5efa194 elementor-widget elementor-widget-text-editor\" data-id=\"5efa194\" data-element_type=\"widget\" data-e-type=\"widget\" data-widget_type=\"text-editor.default\">\n\t\t\t\t<div class=\"elementor-widget-container\">\n\t\t\t\t\t\t\t\t\t<h4 data-start=\"511\" data-end=\"527\">1. Introdu\u00e7\u00e3o<\/h4><p class=\"\" data-start=\"529\" data-end=\"1010\">A <strong data-start=\"531\" data-end=\"545\">Arla Norte<\/strong>, inscrita sob CNPJ: 22.683.211\/0002-90, com sede em Ch\u00e1cara BR 364, N 64-1\u00aa, Setor D, CEP: 76.988-899| Vilhena &#8211; RO, respeita a sua privacidade e est\u00e1 comprometida em proteger os dados pessoais dos usu\u00e1rios de seu site. Esta Pol\u00edtica de Privacidade tem por objetivo esclarecer de forma transparente como seus dados s\u00e3o coletados, utilizados, compartilhados, armazenados e protegidos, em conformidade com a <strong data-start=\"911\" data-end=\"961\">Lei Geral de Prote\u00e7\u00e3o de Dados Pessoais (LGPD)<\/strong> \u2013 Lei n\u00ba 13.709\/2018 e demais normas aplic\u00e1veis.<\/p><p class=\"\" data-start=\"1012\" data-end=\"1147\">Ao acessar o site <strong>arlanorte.com.br,<\/strong> voc\u00ea declara que leu, compreendeu e concorda com esta pol\u00edtica.<\/p><h4 data-start=\"1154\" data-end=\"1170\">\u00a0<\/h4><h4 data-start=\"1154\" data-end=\"1170\">2. Defini\u00e7\u00f5es<\/h4><p class=\"\" data-start=\"1172\" data-end=\"1236\">Para os fins desta pol\u00edtica, aplicam-se as seguintes defini\u00e7\u00f5es:<\/p><ul data-start=\"1238\" data-end=\"1693\"><li class=\"\" data-start=\"1238\" data-end=\"1343\"><p class=\"\" data-start=\"1240\" data-end=\"1343\"><strong data-start=\"1240\" data-end=\"1258\">Dados Pessoais<\/strong>: qualquer informa\u00e7\u00e3o relacionada a uma pessoa natural identificada ou identific\u00e1vel.<\/p><\/li><li class=\"\" data-start=\"1344\" data-end=\"1402\"><p class=\"\" data-start=\"1346\" data-end=\"1402\"><strong data-start=\"1346\" data-end=\"1357\">Titular<\/strong>: pessoa a quem se referem os dados pessoais.<\/p><\/li><li class=\"\" data-start=\"1403\" data-end=\"1538\"><p class=\"\" data-start=\"1405\" data-end=\"1538\"><strong data-start=\"1405\" data-end=\"1428\">Tratamento de Dados<\/strong>: toda opera\u00e7\u00e3o realizada com dados pessoais, como coleta, uso, armazenamento, compartilhamento, entre outras.<\/p><\/li><li class=\"\" data-start=\"1539\" data-end=\"1693\"><p class=\"\" data-start=\"1541\" data-end=\"1693\"><strong data-start=\"1541\" data-end=\"1552\">Cookies<\/strong>: arquivos enviados pelo servidor do site para o dispositivo do usu\u00e1rio, com a finalidade de identificar e obter dados de acesso e navega\u00e7\u00e3o.<\/p><\/li><\/ul><h4 data-start=\"1700\" data-end=\"1727\">\u00a0<\/h4><h4 data-start=\"1700\" data-end=\"1727\">3. Quais dados coletamos<\/h4><p data-start=\"1729\" data-end=\"1778\"><strong>a) Dados fornecidos diretamente pelo usu\u00e1rio:<\/strong><\/p><ul data-start=\"1779\" data-end=\"1891\"><li class=\"\" data-start=\"1779\" data-end=\"1794\"><p class=\"\" data-start=\"1781\" data-end=\"1794\">Nome completo<\/p><\/li><li class=\"\" data-start=\"1795\" data-end=\"1803\"><p class=\"\" data-start=\"1797\" data-end=\"1803\">E-mail<\/p><\/li><li class=\"\" data-start=\"1804\" data-end=\"1814\"><p class=\"\" data-start=\"1806\" data-end=\"1814\">Telefone<\/p><\/li><li class=\"\" data-start=\"1815\" data-end=\"1824\"><p class=\"\" data-start=\"1817\" data-end=\"1824\">Empresa<\/p><\/li><li class=\"\" data-start=\"1825\" data-end=\"1842\"><p class=\"\" data-start=\"1827\" data-end=\"1842\">Cidade e Estado<\/p><\/li><li class=\"\" data-start=\"1843\" data-end=\"1891\"><p class=\"\" data-start=\"1845\" data-end=\"1891\">Conte\u00fado de mensagens enviadas via formul\u00e1rios<\/p><\/li><\/ul><p data-start=\"1893\" data-end=\"1932\"><strong>b) Dados coletados automaticamente:<\/strong><\/p><ul data-start=\"1933\" data-end=\"2166\"><li class=\"\" data-start=\"1933\" data-end=\"1946\"><p class=\"\" data-start=\"1935\" data-end=\"1946\">Endere\u00e7o IP<\/p><\/li><li class=\"\" data-start=\"1947\" data-end=\"1966\"><p class=\"\" data-start=\"1949\" data-end=\"1966\">Tipo de navegador<\/p><\/li><li class=\"\" data-start=\"1967\" data-end=\"2025\"><p class=\"\" data-start=\"1969\" data-end=\"2025\">Informa\u00e7\u00f5es de dispositivo (modelo, sistema operacional)<\/p><\/li><li class=\"\" data-start=\"2026\" data-end=\"2045\"><p class=\"\" data-start=\"2028\" data-end=\"2045\">P\u00e1ginas visitadas<\/p><\/li><li class=\"\" data-start=\"2046\" data-end=\"2069\"><p class=\"\" data-start=\"2048\" data-end=\"2069\">Data e hora de acesso<\/p><\/li><li class=\"\" data-start=\"2070\" data-end=\"2089\"><p class=\"\" data-start=\"2072\" data-end=\"2089\">Dura\u00e7\u00e3o da sess\u00e3o<\/p><\/li><li class=\"\" data-start=\"2090\" data-end=\"2125\"><p class=\"\" data-start=\"2092\" data-end=\"2125\">Localiza\u00e7\u00e3o geogr\u00e1fica aproximada<\/p><\/li><li class=\"\" data-start=\"2126\" data-end=\"2166\"><p class=\"\" data-start=\"2128\" data-end=\"2166\">Cookies e identificadores de navega\u00e7\u00e3o<\/p><\/li><\/ul><blockquote data-start=\"2168\" data-end=\"2338\"><p class=\"\" data-start=\"2170\" data-end=\"2338\">Utilizamos ferramentas como Google Analytics, Google Ads e Facebook Pixel (caso aplic\u00e1vel) para melhorar a experi\u00eancia de navega\u00e7\u00e3o e avaliar o desempenho de campanhas.<\/p><\/blockquote><h2 data-start=\"2345\" data-end=\"2386\">\u00a0<\/h2><h4 data-start=\"2345\" data-end=\"2386\">4. Finalidades do tratamento dos dados<\/h4><p class=\"\" data-start=\"2388\" data-end=\"2447\">Tratamos seus dados pessoais para as seguintes finalidades:<\/p><ul data-start=\"2449\" data-end=\"2799\"><li class=\"\" data-start=\"2449\" data-end=\"2510\"><p class=\"\" data-start=\"2451\" data-end=\"2510\">Processar e responder solicita\u00e7\u00f5es feitas por meio do site;<\/p><\/li><li class=\"\" data-start=\"2511\" data-end=\"2585\"><p class=\"\" data-start=\"2513\" data-end=\"2585\">Estabelecer comunica\u00e7\u00e3o com o usu\u00e1rio, via e-mail, telefone ou WhatsApp;<\/p><\/li><li class=\"\" data-start=\"2586\" data-end=\"2640\"><p class=\"\" data-start=\"2588\" data-end=\"2640\">Executar a\u00e7\u00f5es de marketing, mediante consentimento;<\/p><\/li><li class=\"\" data-start=\"2641\" data-end=\"2700\"><p class=\"\" data-start=\"2643\" data-end=\"2700\">Analisar estat\u00edsticas e m\u00e9tricas de acesso e uso do site;<\/p><\/li><li class=\"\" data-start=\"2701\" data-end=\"2745\"><p class=\"\" data-start=\"2703\" data-end=\"2745\">Cumprir obriga\u00e7\u00f5es legais ou regulat\u00f3rias;<\/p><\/li><li class=\"\" data-start=\"2746\" data-end=\"2799\"><p class=\"\" data-start=\"2748\" data-end=\"2799\">Prevenir fraudes e garantir a seguran\u00e7a do sistema.<\/p><\/li><\/ul><h4 data-start=\"2806\" data-end=\"2840\">\u00a0<\/h4><h4 data-start=\"2806\" data-end=\"2840\">5. Base legal para o tratamento<\/h4><p class=\"\" data-start=\"2842\" data-end=\"2920\">O tratamento dos dados pessoais se d\u00e1 com base nas seguintes hip\u00f3teses legais:<\/p><ul data-start=\"2922\" data-end=\"3412\"><li class=\"\" data-start=\"2922\" data-end=\"3017\"><p class=\"\" data-start=\"2924\" data-end=\"3017\"><strong data-start=\"2924\" data-end=\"2952\">Consentimento do titular<\/strong>, nos casos de envio de formul\u00e1rios ou inscri\u00e7\u00e3o em comunica\u00e7\u00f5es;<\/p><\/li><li class=\"\" data-start=\"3018\" data-end=\"3139\"><p class=\"\" data-start=\"3020\" data-end=\"3139\"><strong data-start=\"3020\" data-end=\"3074\">Execu\u00e7\u00e3o de contrato ou de medidas pr\u00e9-contratuais<\/strong>, quando o usu\u00e1rio solicita or\u00e7amentos ou informa\u00e7\u00f5es comerciais;<\/p><\/li><li class=\"\" data-start=\"3140\" data-end=\"3268\"><p class=\"\" data-start=\"3142\" data-end=\"3268\"><strong data-start=\"3142\" data-end=\"3191\">Cumprimento de obriga\u00e7\u00e3o legal ou regulat\u00f3ria<\/strong>, especialmente em atendimento \u00e0 legisla\u00e7\u00e3o tribut\u00e1ria, civil ou regulat\u00f3ria;<\/p><\/li><li class=\"\" data-start=\"3269\" data-end=\"3412\"><p class=\"\" data-start=\"3271\" data-end=\"3412\"><strong data-start=\"3271\" data-end=\"3304\">Interesse leg\u00edtimo da empresa<\/strong>, para melhorar seus servi\u00e7os, prevenir fraudes e promover sua marca, respeitados os direitos dos titulares.<\/p><\/li><\/ul><h2 data-start=\"3419\" data-end=\"3450\">\u00a0<\/h2><h4 data-start=\"3419\" data-end=\"3450\">6. Compartilhamento de dados<\/h4><p class=\"\" data-start=\"3452\" data-end=\"3492\">Seus dados podem ser compartilhados com:<\/p><ul data-start=\"3494\" data-end=\"3842\"><li class=\"\" data-start=\"3494\" data-end=\"3596\"><p class=\"\" data-start=\"3496\" data-end=\"3596\">Empresas de hospedagem de sites e provedores de e-mail (por exemplo, Hostinger, Google, Zoho, etc.);<\/p><\/li><li class=\"\" data-start=\"3597\" data-end=\"3655\"><p class=\"\" data-start=\"3599\" data-end=\"3655\">Plataformas de marketing digital e CRM, caso utilizadas;<\/p><\/li><li class=\"\" data-start=\"3656\" data-end=\"3717\"><p class=\"\" data-start=\"3658\" data-end=\"3717\">Autoridades p\u00fablicas, mediante exig\u00eancia legal ou judicial;<\/p><\/li><li class=\"\" data-start=\"3718\" data-end=\"3842\"><p class=\"\" data-start=\"3720\" data-end=\"3842\">Parceiros ou fornecedores, quando estritamente necess\u00e1rio \u00e0 presta\u00e7\u00e3o do servi\u00e7o ou atendimento da solicita\u00e7\u00e3o do usu\u00e1rio.<\/p><\/li><\/ul><blockquote data-start=\"3844\" data-end=\"3987\"><p class=\"\" data-start=\"3846\" data-end=\"3987\">Todos os terceiros com quem compartilhamos dados est\u00e3o contratualmente obrigados a respeitar a confidencialidade e seguran\u00e7a das informa\u00e7\u00f5es.<\/p><\/blockquote><h2 data-start=\"3994\" data-end=\"4025\">\u00a0<\/h2><h4 data-start=\"3994\" data-end=\"4025\">7. Armazenamento e seguran\u00e7a<\/h4><p class=\"\" data-start=\"4027\" data-end=\"4198\">Adotamos medidas t\u00e9cnicas e organizacionais para proteger os dados pessoais contra acessos n\u00e3o autorizados, destrui\u00e7\u00e3o, perda, altera\u00e7\u00e3o ou divulga\u00e7\u00e3o indevida, incluindo:<\/p><ul data-start=\"4200\" data-end=\"4339\"><li class=\"\" data-start=\"4200\" data-end=\"4240\"><p class=\"\" data-start=\"4202\" data-end=\"4240\">Certificado SSL (Secure Socket Layer);<\/p><\/li><li class=\"\" data-start=\"4241\" data-end=\"4281\"><p class=\"\" data-start=\"4243\" data-end=\"4281\">Firewalls e sistemas de monitoramento;<\/p><\/li><li class=\"\" data-start=\"4282\" data-end=\"4313\"><p class=\"\" data-start=\"4284\" data-end=\"4313\">Controle de acesso aos dados;<\/p><\/li><li class=\"\" data-start=\"4314\" data-end=\"4339\"><p class=\"\" data-start=\"4316\" data-end=\"4339\">Backups criptografados.<\/p><\/li><\/ul><p class=\"\" data-start=\"4341\" data-end=\"4480\">Seus dados s\u00e3o armazenados apenas pelo tempo necess\u00e1rio ao cumprimento das finalidades listadas nesta pol\u00edtica ou conforme exig\u00eancia legal.<\/p><h2 data-start=\"4487\" data-end=\"4522\">\u00a0<\/h2><h4 data-start=\"4487\" data-end=\"4522\">8. Direitos do titular dos dados<\/h4><p class=\"\" data-start=\"4524\" data-end=\"4613\">Voc\u00ea, como titular de dados pessoais, possui os seguintes direitos, garantidos pela LGPD:<\/p><ul data-start=\"4615\" data-end=\"4997\"><li class=\"\" data-start=\"4615\" data-end=\"4657\"><p class=\"\" data-start=\"4617\" data-end=\"4657\">Confirma\u00e7\u00e3o da exist\u00eancia de tratamento;<\/p><\/li><li class=\"\" data-start=\"4658\" data-end=\"4677\"><p class=\"\" data-start=\"4660\" data-end=\"4677\">Acesso aos dados;<\/p><\/li><li class=\"\" data-start=\"4678\" data-end=\"4738\"><p class=\"\" data-start=\"4680\" data-end=\"4738\">Corre\u00e7\u00e3o de dados incompletos, inexatos ou desatualizados;<\/p><\/li><li class=\"\" data-start=\"4739\" data-end=\"4816\"><p class=\"\" data-start=\"4741\" data-end=\"4816\">Anonimiza\u00e7\u00e3o, bloqueio ou elimina\u00e7\u00e3o de dados desnecess\u00e1rios ou excessivos;<\/p><\/li><li class=\"\" data-start=\"4817\" data-end=\"4861\"><p class=\"\" data-start=\"4819\" data-end=\"4861\">Portabilidade dos dados, quando aplic\u00e1vel;<\/p><\/li><li class=\"\" data-start=\"4862\" data-end=\"4920\"><p class=\"\" data-start=\"4864\" data-end=\"4920\">Elimina\u00e7\u00e3o dos dados tratados com base no consentimento;<\/p><\/li><li class=\"\" data-start=\"4921\" data-end=\"4967\"><p class=\"\" data-start=\"4923\" data-end=\"4967\">Informa\u00e7\u00f5es sobre compartilhamento de dados;<\/p><\/li><li class=\"\" data-start=\"4968\" data-end=\"4997\"><p class=\"\" data-start=\"4970\" data-end=\"4997\">Revoga\u00e7\u00e3o do consentimento.<\/p><\/li><\/ul><blockquote data-start=\"4999\" data-end=\"5210\"><p class=\"\" data-start=\"5001\" data-end=\"5210\">Para exercer qualquer um desses direitos, envie uma solicita\u00e7\u00e3o para <strong data-start=\"5070\" data-end=\"5098\"><a class=\"cursor-pointer\" rel=\"noopener\" data-start=\"5072\" data-end=\"5096\">contato@arlanorte.com.br<\/a><\/strong>, com identifica\u00e7\u00e3o do titular e descri\u00e7\u00e3o da demanda. Responderemos dentro do prazo legal de at\u00e9 15 dias \u00fateis.<\/p><\/blockquote><h2 data-start=\"5217\" data-end=\"5237\">\u00a0<\/h2><h4 data-start=\"5217\" data-end=\"5237\">9. Uso de cookies<\/h4><p class=\"\" data-start=\"5239\" data-end=\"5271\">Nosso site utiliza cookies para:<\/p><ul data-start=\"5273\" data-end=\"5424\"><li class=\"\" data-start=\"5273\" data-end=\"5309\"><p class=\"\" data-start=\"5275\" data-end=\"5309\">Lembrar prefer\u00eancias de navega\u00e7\u00e3o;<\/p><\/li><li class=\"\" data-start=\"5310\" data-end=\"5340\"><p class=\"\" data-start=\"5312\" data-end=\"5340\">Analisar padr\u00f5es de tr\u00e1fego;<\/p><\/li><li class=\"\" data-start=\"5341\" data-end=\"5375\"><p class=\"\" data-start=\"5343\" data-end=\"5375\">Oferecer conte\u00fado personalizado;<\/p><\/li><li class=\"\" data-start=\"5376\" data-end=\"5424\"><p class=\"\" data-start=\"5378\" data-end=\"5424\">Avaliar desempenho de campanhas publicit\u00e1rias.<\/p><\/li><\/ul><p class=\"\" data-start=\"5426\" data-end=\"5612\">Voc\u00ea pode configurar seu navegador para recusar cookies, mas isso pode afetar a funcionalidade do site. Ao continuar navegando, voc\u00ea concorda com o uso de cookies conforme esta pol\u00edtica.<\/p><h2 data-start=\"5619\" data-end=\"5662\">\u00a0<\/h2><h4 data-start=\"5619\" data-end=\"5662\">10. Transfer\u00eancia internacional de dados<\/h4><p class=\"\" data-start=\"5664\" data-end=\"5953\">Se utilizarmos servi\u00e7os de terceiros cujos servidores estejam localizados fora do Brasil, seus dados poder\u00e3o ser transferidos internacionalmente. Nesses casos, asseguramos que tais transfer\u00eancias atendam aos requisitos legais de prote\u00e7\u00e3o de dados e garantam um n\u00edvel adequado de seguran\u00e7a.<\/p><h2 data-start=\"5960\" data-end=\"5992\">\u00a0<\/h2><h4 data-start=\"5960\" data-end=\"5992\">11. Altera\u00e7\u00f5es nesta pol\u00edtica<\/h4><p class=\"\" data-start=\"5994\" data-end=\"6207\">Reservamo-nos o direito de modificar esta Pol\u00edtica de Privacidade a qualquer momento. As altera\u00e7\u00f5es entrar\u00e3o em vigor a partir da data de publica\u00e7\u00e3o no site, com aviso destacado em caso de modifica\u00e7\u00f5es relevantes.<\/p><p class=\"\" data-start=\"6209\" data-end=\"6251\"><strong data-start=\"6209\" data-end=\"6232\">\u00daltima atualiza\u00e7\u00e3o:<\/strong> 20 de maio de 2025<\/p><h2 data-start=\"6258\" data-end=\"6272\">\u00a0<\/h2><h4 data-start=\"6258\" data-end=\"6272\">12. Contato<\/h4><p class=\"\" data-start=\"6274\" data-end=\"6440\">Em caso de d\u00favidas, solicita\u00e7\u00f5es ou reclama\u00e7\u00f5es relacionadas \u00e0 privacidade e prote\u00e7\u00e3o de dados, entre em contato com nosso Encarregado pelo Tratamento de Dados (DPO):<\/p><p class=\"\" data-start=\"6274\" data-end=\"6440\"><strong data-start=\"6484\" data-end=\"6494\">E-mail<\/strong>: <a class=\"cursor-pointer\" rel=\"noopener\" data-start=\"6496\" data-end=\"6520\">contato@arlanorte.com.br<\/a><br data-start=\"6520\" data-end=\"6523\" \/><strong data-start=\"6523\" data-end=\"6535\">Telefone<\/strong>: (69) 99219-2475<\/p>\t\t\t\t\t\t\t\t<\/div>\n\t\t\t\t<\/div>\n\t\t\t\t\t<\/div>\n\t\t\t\t<\/div>\n\t\t\t\t<\/div>\n\t\t","protected":false},"excerpt":{"rendered":"<p>POL\u00cdTICAS DE PRIVACIDADE Home | POL\u00cdTICAS Nossas Pol\u00edticas 1. Introdu\u00e7\u00e3o A Arla Norte, inscrita sob CNPJ: 22.683.211\/0002-90, com sede em Ch\u00e1cara BR 364, N 64-1\u00aa, Setor D, CEP: 76.988-899| Vilhena &#8211; RO, respeita a sua privacidade e est\u00e1 comprometida em proteger os dados pessoais dos usu\u00e1rios de seu site. Esta Pol\u00edtica de Privacidade tem por [&hellip;]<\/p>\n","protected":false},"author":1,"featured_media":0,"parent":0,"menu_order":0,"comment_status":"closed","ping_status":"closed","template":"elementor_header_footer","meta":{"footnotes":""},"class_list":["post-1453","page","type-page","status-publish","hentry"],"_links":{"self":[{"href":"https:\/\/arlanorte.com.br\/patriota\/wp-json\/wp\/v2\/pages\/1453","targetHints":{"allow":["GET"]}}],"collection":[{"href":"https:\/\/arlanorte.com.br\/patriota\/wp-json\/wp\/v2\/pages"}],"about":[{"href":"https:\/\/arlanorte.com.br\/patriota\/wp-json\/wp\/v2\/types\/page"}],"author":[{"embeddable":true,"href":"https:\/\/arlanorte.com.br\/patriota\/wp-json\/wp\/v2\/users\/1"}],"replies":[{"embeddable":true,"href":"https:\/\/arlanorte.com.br\/patriota\/wp-json\/wp\/v2\/comments?post=1453"}],"version-history":[{"count":15,"href":"https:\/\/arlanorte.com.br\/patriota\/wp-json\/wp\/v2\/pages\/1453\/revisions"}],"predecessor-version":[{"id":2568,"href":"https:\/\/arlanorte.com.br\/patriota\/wp-json\/wp\/v2\/pages\/1453\/revisions\/2568"}],"wp:attachment":[{"href":"https:\/\/arlanorte.com.br\/patriota\/wp-json\/wp\/v2\/media?parent=1453"}],"curies":[{"name":"wp","href":"https:\/\/api.w.org\/{rel}","templated":true}]}}