{"id":1231,"date":"2025-05-13T17:43:33","date_gmt":"2025-05-13T21:43:33","guid":{"rendered":"https:\/\/arlanorte.com.br\/patriota\/?page_id=1231"},"modified":"2025-05-20T22:23:52","modified_gmt":"2025-05-21T02:23:52","slug":"contato","status":"publish","type":"page","link":"https:\/\/arlanorte.com.br\/patriota\/contato\/","title":{"rendered":"Contato"},"content":{"rendered":"\t\t<div data-elementor-type=\"wp-page\" data-elementor-id=\"1231\" class=\"elementor elementor-1231\" data-elementor-post-type=\"page\">\n\t\t\t\t<div data-particle_enable=\"false\" data-particle-mobile-disabled=\"false\" class=\"elementor-element elementor-element-64ad8735 e-flex e-con-boxed e-con e-parent\" data-id=\"64ad8735\" data-element_type=\"container\" data-e-type=\"container\" data-settings=\"{&quot;background_background&quot;:&quot;classic&quot;}\">\n\t\t\t\t\t<div class=\"e-con-inner\">\n\t\t<div data-particle_enable=\"false\" data-particle-mobile-disabled=\"false\" class=\"elementor-element elementor-element-41414d50 e-flex e-con-boxed e-con e-child\" data-id=\"41414d50\" data-element_type=\"container\" data-e-type=\"container\">\n\t\t\t\t\t<div class=\"e-con-inner\">\n\t\t\t\t<div class=\"elementor-element elementor-element-1da93261 elementor-widget elementor-widget-heading\" data-id=\"1da93261\" data-element_type=\"widget\" data-e-type=\"widget\" data-widget_type=\"heading.default\">\n\t\t\t\t<div class=\"elementor-widget-container\">\n\t\t\t\t\t<h1 class=\"elementor-heading-title elementor-size-default\">Contato<\/h1>\t\t\t\t<\/div>\n\t\t\t\t<\/div>\n\t\t\t\t<div class=\"elementor-element elementor-element-53e8da40 elementor-widget elementor-widget-text-editor\" data-id=\"53e8da40\" data-element_type=\"widget\" data-e-type=\"widget\" data-widget_type=\"text-editor.default\">\n\t\t\t\t<div class=\"elementor-widget-container\">\n\t\t\t\t\t\t\t\t\t<p><a href=\"#\">Home<\/a> | contato<\/p>\t\t\t\t\t\t\t\t<\/div>\n\t\t\t\t<\/div>\n\t\t\t\t\t<\/div>\n\t\t\t\t<\/div>\n\t\t\t\t\t<\/div>\n\t\t\t\t<\/div>\n\t\t<div data-particle_enable=\"false\" data-particle-mobile-disabled=\"false\" class=\"elementor-element elementor-element-4d3d8191 e-flex e-con-boxed e-con e-parent\" data-id=\"4d3d8191\" data-element_type=\"container\" data-e-type=\"container\">\n\t\t\t\t\t<div class=\"e-con-inner\">\n\t\t<div data-particle_enable=\"false\" data-particle-mobile-disabled=\"false\" class=\"elementor-element elementor-element-1dd3f0d1 e-flex e-con-boxed e-con e-child\" data-id=\"1dd3f0d1\" data-element_type=\"container\" data-e-type=\"container\">\n\t\t\t\t\t<div class=\"e-con-inner\">\n\t\t\t\t<div class=\"elementor-element elementor-element-44d2b3a0 elementor-widget elementor-widget-heading\" data-id=\"44d2b3a0\" data-element_type=\"widget\" data-e-type=\"widget\" data-widget_type=\"heading.default\">\n\t\t\t\t<div class=\"elementor-widget-container\">\n\t\t\t\t\t<h6 class=\"elementor-heading-title elementor-size-default\">Contate-nos<\/h6>\t\t\t\t<\/div>\n\t\t\t\t<\/div>\n\t\t\t\t<div class=\"elementor-element elementor-element-5f25536d elementor-widget elementor-widget-heading\" data-id=\"5f25536d\" data-element_type=\"widget\" data-e-type=\"widget\" data-widget_type=\"heading.default\">\n\t\t\t\t<div class=\"elementor-widget-container\">\n\t\t\t\t\t<h2 class=\"elementor-heading-title elementor-size-default\">Entre em contato conosco caso tenha alguma d\u00favida ou mensagem<\/h2>\t\t\t\t<\/div>\n\t\t\t\t<\/div>\n\t\t\t\t\t<\/div>\n\t\t\t\t<\/div>\n\t\t<div data-particle_enable=\"false\" data-particle-mobile-disabled=\"false\" class=\"elementor-element elementor-element-37c5a91d e-con-full e-flex e-con e-child\" data-id=\"37c5a91d\" data-element_type=\"container\" data-e-type=\"container\">\n\t\t<div data-particle_enable=\"false\" data-particle-mobile-disabled=\"false\" class=\"elementor-element elementor-element-14f2aca1 e-flex e-con-boxed e-con e-child\" data-id=\"14f2aca1\" data-element_type=\"container\" data-e-type=\"container\" data-settings=\"{&quot;background_background&quot;:&quot;classic&quot;}\">\n\t\t\t\t\t<div class=\"e-con-inner\">\n\t\t<div data-particle_enable=\"false\" data-particle-mobile-disabled=\"false\" class=\"elementor-element elementor-element-54e7b5d6 e-con-full e-flex e-con e-child\" data-id=\"54e7b5d6\" data-element_type=\"container\" data-e-type=\"container\">\n\t\t\t\t<div class=\"elementor-element elementor-element-5bab025 elementor-view-stacked elementor-position-inline-start elementor-shape-circle elementor-mobile-position-block-start elementor-widget elementor-widget-icon-box\" data-id=\"5bab025\" data-element_type=\"widget\" data-e-type=\"widget\" data-widget_type=\"icon-box.default\">\n\t\t\t\t<div class=\"elementor-widget-container\">\n\t\t\t\t\t\t\t<div class=\"elementor-icon-box-wrapper\">\n\n\t\t\t\t\t\t<div class=\"elementor-icon-box-icon\">\n\t\t\t\t<span  class=\"elementor-icon\">\n\t\t\t\t<svg aria-hidden=\"true\" class=\"e-font-icon-svg e-fas-map-marker-alt\" viewBox=\"0 0 384 512\" xmlns=\"http:\/\/www.w3.org\/2000\/svg\"><path d=\"M172.268 501.67C26.97 291.031 0 269.413 0 192 0 85.961 85.961 0 192 0s192 85.961 192 192c0 77.413-26.97 99.031-172.268 309.67-9.535 13.774-29.93 13.773-39.464 0zM192 272c44.183 0 80-35.817 80-80s-35.817-80-80-80-80 35.817-80 80 35.817 80 80 80z\"><\/path><\/svg>\t\t\t\t<\/span>\n\t\t\t<\/div>\n\t\t\t\n\t\t\t\t\t\t<div class=\"elementor-icon-box-content\">\n\n\t\t\t\t\t\t\t\t\t<h5 class=\"elementor-icon-box-title\">\n\t\t\t\t\t\t<span  >\n\t\t\t\t\t\t\tlocaliza\u00e7\u00e3o\t\t\t\t\t\t<\/span>\n\t\t\t\t\t<\/h5>\n\t\t\t\t\n\t\t\t\t\t\t\t\t\t<p class=\"elementor-icon-box-description\">\n\t\t\t\t\t\tCh\u00e1cara BR 364, N 64-1\u00aa, Setor D\t\t\t\t\t<\/p>\n\t\t\t\t\n\t\t\t<\/div>\n\t\t\t\n\t\t<\/div>\n\t\t\t\t\t\t<\/div>\n\t\t\t\t<\/div>\n\t\t\t\t<\/div>\n\t\t<div data-particle_enable=\"false\" data-particle-mobile-disabled=\"false\" class=\"elementor-element elementor-element-2683562f e-con-full e-flex e-con e-child\" data-id=\"2683562f\" data-element_type=\"container\" data-e-type=\"container\">\n\t\t\t\t<div class=\"elementor-element elementor-element-3659a018 elementor-view-stacked elementor-position-inline-start elementor-shape-circle elementor-mobile-position-block-start elementor-widget elementor-widget-icon-box\" data-id=\"3659a018\" data-element_type=\"widget\" data-e-type=\"widget\" data-widget_type=\"icon-box.default\">\n\t\t\t\t<div class=\"elementor-widget-container\">\n\t\t\t\t\t\t\t<div class=\"elementor-icon-box-wrapper\">\n\n\t\t\t\t\t\t<div class=\"elementor-icon-box-icon\">\n\t\t\t\t<span  class=\"elementor-icon\">\n\t\t\t\t<svg aria-hidden=\"true\" class=\"e-font-icon-svg e-fas-phone-alt\" viewBox=\"0 0 512 512\" xmlns=\"http:\/\/www.w3.org\/2000\/svg\"><path d=\"M497.39 361.8l-112-48a24 24 0 0 0-28 6.9l-49.6 60.6A370.66 370.66 0 0 1 130.6 204.11l60.6-49.6a23.94 23.94 0 0 0 6.9-28l-48-112A24.16 24.16 0 0 0 122.6.61l-104 24A24 24 0 0 0 0 48c0 256.5 207.9 464 464 464a24 24 0 0 0 23.4-18.6l24-104a24.29 24.29 0 0 0-14.01-27.6z\"><\/path><\/svg>\t\t\t\t<\/span>\n\t\t\t<\/div>\n\t\t\t\n\t\t\t\t\t\t<div class=\"elementor-icon-box-content\">\n\n\t\t\t\t\t\t\t\t\t<h5 class=\"elementor-icon-box-title\">\n\t\t\t\t\t\t<span  >\n\t\t\t\t\t\t\tFale conosco\t\t\t\t\t\t<\/span>\n\t\t\t\t\t<\/h5>\n\t\t\t\t\n\t\t\t\t\t\t\t\t\t<p class=\"elementor-icon-box-description\">\n\t\t\t\t\t\t(69) 99219-2475\t\t\t\t\t<\/p>\n\t\t\t\t\n\t\t\t<\/div>\n\t\t\t\n\t\t<\/div>\n\t\t\t\t\t\t<\/div>\n\t\t\t\t<\/div>\n\t\t\t\t<\/div>\n\t\t<div data-particle_enable=\"false\" data-particle-mobile-disabled=\"false\" class=\"elementor-element elementor-element-12481da5 e-con-full e-flex e-con e-child\" data-id=\"12481da5\" data-element_type=\"container\" data-e-type=\"container\">\n\t\t\t\t<div class=\"elementor-element elementor-element-4b6e8d8a elementor-view-stacked elementor-position-inline-start elementor-shape-circle elementor-mobile-position-block-start elementor-widget elementor-widget-icon-box\" data-id=\"4b6e8d8a\" data-element_type=\"widget\" data-e-type=\"widget\" data-widget_type=\"icon-box.default\">\n\t\t\t\t<div class=\"elementor-widget-container\">\n\t\t\t\t\t\t\t<div class=\"elementor-icon-box-wrapper\">\n\n\t\t\t\t\t\t<div class=\"elementor-icon-box-icon\">\n\t\t\t\t<span  class=\"elementor-icon\">\n\t\t\t\t<svg aria-hidden=\"true\" class=\"e-font-icon-svg e-fas-envelope\" viewBox=\"0 0 512 512\" xmlns=\"http:\/\/www.w3.org\/2000\/svg\"><path d=\"M502.3 190.8c3.9-3.1 9.7-.2 9.7 4.7V400c0 26.5-21.5 48-48 48H48c-26.5 0-48-21.5-48-48V195.6c0-5 5.7-7.8 9.7-4.7 22.4 17.4 52.1 39.5 154.1 113.6 21.1 15.4 56.7 47.8 92.2 47.6 35.7.3 72-32.8 92.3-47.6 102-74.1 131.6-96.3 154-113.7zM256 320c23.2.4 56.6-29.2 73.4-41.4 132.7-96.3 142.8-104.7 173.4-128.7 5.8-4.5 9.2-11.5 9.2-18.9v-19c0-26.5-21.5-48-48-48H48C21.5 64 0 85.5 0 112v19c0 7.4 3.4 14.3 9.2 18.9 30.6 23.9 40.7 32.4 173.4 128.7 16.8 12.2 50.2 41.8 73.4 41.4z\"><\/path><\/svg>\t\t\t\t<\/span>\n\t\t\t<\/div>\n\t\t\t\n\t\t\t\t\t\t<div class=\"elementor-icon-box-content\">\n\n\t\t\t\t\t\t\t\t\t<h5 class=\"elementor-icon-box-title\">\n\t\t\t\t\t\t<span  >\n\t\t\t\t\t\t\tE-mail\t\t\t\t\t\t<\/span>\n\t\t\t\t\t<\/h5>\n\t\t\t\t\n\t\t\t\t\t\t\t\t\t<p class=\"elementor-icon-box-description\">\n\t\t\t\t\t\tcontato@arlanorte.com.br\t\t\t\t\t<\/p>\n\t\t\t\t\n\t\t\t<\/div>\n\t\t\t\n\t\t<\/div>\n\t\t\t\t\t\t<\/div>\n\t\t\t\t<\/div>\n\t\t\t\t<\/div>\n\t\t\t\t\t<\/div>\n\t\t\t\t<\/div>\n\t\t\t\t<\/div>\n\t\t\t\t\t<\/div>\n\t\t\t\t<\/div>\n\t\t<div data-particle_enable=\"false\" data-particle-mobile-disabled=\"false\" class=\"elementor-element elementor-element-6c6a8d22 e-flex e-con-boxed e-con e-parent\" data-id=\"6c6a8d22\" data-element_type=\"container\" data-e-type=\"container\">\n\t\t\t\t\t<div class=\"e-con-inner\">\n\t\t<div data-particle_enable=\"false\" data-particle-mobile-disabled=\"false\" class=\"elementor-element elementor-element-e1bb8fe e-con-full e-flex e-con e-child\" data-id=\"e1bb8fe\" data-element_type=\"container\" data-e-type=\"container\">\n\t\t\t\t<div class=\"elementor-element elementor-element-21b8d914 elementor-widget elementor-widget-text\" data-id=\"21b8d914\" data-element_type=\"widget\" data-e-type=\"widget\" data-widget_type=\"text.default\">\n\t\t\t\t<div class=\"elementor-widget-container\">\n\t\t\t\t\t        <div class=\"rform-container\">\r\n            <div class=\"rform-control \">\r\n                                <input name=\"rform-text\" placeholder=\"Seu nome\" class=\"rform-input\" id=\"rform-input-text-565762324\" type=\"text\" onblur=\"validate_input( 'rform-input-text-' , 'rform-input-err-' ,'565762324')\" aria-invalid=false data-val=\"by_char\"   required>\r\n            <\/div>\r\n            <span role=\"alert\" class=\"rform-error\" id=\"rform-input-err-565762324\">Este campo \u00e9 obrigat\u00f3rio!<\/span>\r\n            <div class=\"rform-help-text\">\r\n                <span><\/span>\r\n            <\/div>\r\n        <\/div>\r\n\t\t\t\t<\/div>\n\t\t\t\t<\/div>\n\t\t\t\t<\/div>\n\t\t<div data-particle_enable=\"false\" data-particle-mobile-disabled=\"false\" class=\"elementor-element elementor-element-481b28f2 e-con-full e-flex e-con e-child\" data-id=\"481b28f2\" data-element_type=\"container\" data-e-type=\"container\">\n\t\t\t\t<div class=\"elementor-element elementor-element-636fff0e elementor-widget elementor-widget-email\" data-id=\"636fff0e\" data-element_type=\"widget\" data-e-type=\"widget\" data-widget_type=\"email.default\">\n\t\t\t\t<div class=\"elementor-widget-container\">\n\t\t\t\t\t        <div class=\"rform-container\">\r\n            <div class=\"rform-control \">\r\n                                <input name=\"rform-email\" placeholder=\"Seu e-mail\" class=\"rform-input\" id=\"rform-input-email-1668284174\" type=\"email\" onblur=\"validate_input( 'rform-input-email-' , 'rform-input-err-' ,'1668284174')\" aria-invalid=false data-val=\"by_char\"   required>\r\n            <\/div>\r\n            <span role=\"alert\" class=\"rform-error\" id=\"rform-input-err-1668284174\">Este campo \u00e9 obrigat\u00f3rio!<\/span>\r\n            <div class=\"rform-help-text\">\r\n                <span><\/span>\r\n            <\/div>\r\n        <\/div>\r\n\t\t\t\t<\/div>\n\t\t\t\t<\/div>\n\t\t\t\t<\/div>\n\t\t\t\t\t<\/div>\n\t\t\t\t<\/div>\n\t\t<div data-particle_enable=\"false\" data-particle-mobile-disabled=\"false\" class=\"elementor-element elementor-element-4e99318d e-flex e-con-boxed e-con e-parent\" data-id=\"4e99318d\" data-element_type=\"container\" data-e-type=\"container\">\n\t\t\t\t\t<div class=\"e-con-inner\">\n\t\t<div data-particle_enable=\"false\" data-particle-mobile-disabled=\"false\" class=\"elementor-element elementor-element-63200302 e-con-full e-flex e-con e-child\" data-id=\"63200302\" data-element_type=\"container\" data-e-type=\"container\">\n\t\t\t\t<div class=\"elementor-element elementor-element-c9e2014 elementor-widget elementor-widget-text\" data-id=\"c9e2014\" data-element_type=\"widget\" data-e-type=\"widget\" data-widget_type=\"text.default\">\n\t\t\t\t<div class=\"elementor-widget-container\">\n\t\t\t\t\t        <div class=\"rform-container\">\r\n            <div class=\"rform-control \">\r\n                                <input name=\"rform-text\" placeholder=\"WhatsApp\" class=\"rform-input\" id=\"rform-input-text-211689492\" type=\"text\" onblur=\"validate_input( 'rform-input-text-' , 'rform-input-err-' ,'211689492')\" aria-invalid=false data-val=\"by_char\"   required>\r\n            <\/div>\r\n            <span role=\"alert\" class=\"rform-error\" id=\"rform-input-err-211689492\">Este campo \u00e9 obrigat\u00f3rio!<\/span>\r\n            <div class=\"rform-help-text\">\r\n                <span><\/span>\r\n            <\/div>\r\n        <\/div>\r\n\t\t\t\t<\/div>\n\t\t\t\t<\/div>\n\t\t\t\t<\/div>\n\t\t<div data-particle_enable=\"false\" data-particle-mobile-disabled=\"false\" class=\"elementor-element elementor-element-700a673 e-con-full e-flex e-con e-child\" data-id=\"700a673\" data-element_type=\"container\" data-e-type=\"container\">\n\t\t\t\t<div class=\"elementor-element elementor-element-34adbbf elementor-widget elementor-widget-text\" data-id=\"34adbbf\" data-element_type=\"widget\" data-e-type=\"widget\" data-widget_type=\"text.default\">\n\t\t\t\t<div class=\"elementor-widget-container\">\n\t\t\t\t\t        <div class=\"rform-container\">\r\n            <div class=\"rform-control \">\r\n                                <input name=\"rform-text\" placeholder=\"Assunto da mensagem\" class=\"rform-input\" id=\"rform-input-text-55237567\" type=\"text\" onblur=\"validate_input( 'rform-input-text-' , 'rform-input-err-' ,'55237567')\" aria-invalid=false data-val=\"by_char\"   >\r\n            <\/div>\r\n            <span role=\"alert\" class=\"rform-error\" id=\"rform-input-err-55237567\">This field is required<\/span>\r\n            <div class=\"rform-help-text\">\r\n                <span><\/span>\r\n            <\/div>\r\n        <\/div>\r\n\t\t\t\t<\/div>\n\t\t\t\t<\/div>\n\t\t\t\t<\/div>\n\t\t\t\t\t<\/div>\n\t\t\t\t<\/div>\n\t\t<div data-particle_enable=\"false\" data-particle-mobile-disabled=\"false\" class=\"elementor-element elementor-element-106fb413 e-flex e-con-boxed e-con e-parent\" data-id=\"106fb413\" data-element_type=\"container\" data-e-type=\"container\">\n\t\t\t\t\t<div class=\"e-con-inner\">\n\t\t<div data-particle_enable=\"false\" data-particle-mobile-disabled=\"false\" class=\"elementor-element elementor-element-7ba72174 e-con-full e-flex e-con e-child\" data-id=\"7ba72174\" data-element_type=\"container\" data-e-type=\"container\">\n\t\t\t\t<div class=\"elementor-element elementor-element-6b590183 elementor-widget elementor-widget-text-area\" data-id=\"6b590183\" data-element_type=\"widget\" data-e-type=\"widget\" data-widget_type=\"text-area.default\">\n\t\t\t\t<div class=\"elementor-widget-container\">\n\t\t\t\t\t        <div class=\"rform-container\">\r\n            <div class=\"rform-control \">\r\n                                <textarea name=\"rform-message \" placeholder=\"Digite sua mensagem...\" class=\"rform-input\" id=\"rform-input-textarea-1800995203\" type=\"text\" onblur=\"validate_input( 'rform-input-textarea-' , 'rform-input-err-' ,'1800995203')\" aria-invalid=false data-val=\"by_char\"   ><\/textarea>\r\n            <\/div>\r\n            <span role=\"alert\" class=\"rform-error\" id=\"rform-input-err-1800995203\">This field is required<\/span>\r\n            <div class=\"rform-help-text\">\r\n                <span><\/span>\r\n            <\/div>\r\n        <\/div>\r\n\t\t\t\t<\/div>\n\t\t\t\t<\/div>\n\t\t\t\t<div class=\"elementor-element elementor-element-6456cc61 elementor-widget elementor-widget-rform_button_submit\" data-id=\"6456cc61\" data-element_type=\"widget\" data-e-type=\"widget\" data-widget_type=\"rform_button_submit.default\">\n\t\t\t\t<div class=\"elementor-widget-container\">\n\t\t\t\t\t        <div class=\"rform-button-container\">\r\n            <button class=\"rform-button-submit rform-btn-fullwidth\" type=\"button\" id=\"rform-button-submit\">\r\n                <div class=\"rform-btn-icon-container\">\r\n                                    <\/div>\r\n                Enviar            <\/button>\r\n        <\/div>\r\n\r\n\r\n\t\t\t\t<\/div>\n\t\t\t\t<\/div>\n\t\t\t\t<\/div>\n\t\t\t\t\t<\/div>\n\t\t\t\t<\/div>\n\t\t<div data-particle_enable=\"false\" data-particle-mobile-disabled=\"false\" class=\"elementor-element elementor-element-4f457fec e-con-full e-flex e-con e-parent\" data-id=\"4f457fec\" data-element_type=\"container\" data-e-type=\"container\">\n\t\t\t\t<div class=\"elementor-element elementor-element-1ec7c0fe elementor-widget elementor-widget-google_maps\" data-id=\"1ec7c0fe\" data-element_type=\"widget\" data-e-type=\"widget\" data-widget_type=\"google_maps.default\">\n\t\t\t\t<div class=\"elementor-widget-container\">\n\t\t\t\t\t\t\t<div class=\"elementor-custom-embed\">\n\t\t\t<iframe loading=\"lazy\"\n\t\t\t\t\tsrc=\"https:\/\/maps.google.com\/maps?q=Ch%C3%A1cara%20BR%20364%2C%20N%2064-1%C2%AA%2C%20Setor%20D%2076.988-899&#038;t=m&#038;z=15&#038;output=embed&#038;iwloc=near\"\n\t\t\t\t\ttitle=\"Ch\u00e1cara BR 364, N 64-1\u00aa, Setor D 76.988-899\"\n\t\t\t\t\taria-label=\"Ch\u00e1cara BR 364, N 64-1\u00aa, Setor D 76.988-899\"\n\t\t\t><\/iframe>\n\t\t<\/div>\n\t\t\t\t\t\t<\/div>\n\t\t\t\t<\/div>\n\t\t\t\t<\/div>\n\t\t\t\t<\/div>\n\t\t","protected":false},"excerpt":{"rendered":"<p>Contato Home | contato Contate-nos Entre em contato conosco caso tenha alguma d\u00favida ou mensagem localiza\u00e7\u00e3o Ch\u00e1cara BR 364, N 64-1\u00aa, Setor D Fale conosco (69) 99219-2475 E-mail contato@arlanorte.com.br Este campo \u00e9 obrigat\u00f3rio! Este campo \u00e9 obrigat\u00f3rio! Este campo \u00e9 obrigat\u00f3rio! This field is required This field is required Enviar<\/p>\n","protected":false},"author":1,"featured_media":0,"parent":0,"menu_order":0,"comment_status":"closed","ping_status":"closed","template":"elementor_header_footer","meta":{"footnotes":""},"class_list":["post-1231","page","type-page","status-publish","hentry"],"_links":{"self":[{"href":"https:\/\/arlanorte.com.br\/patriota\/wp-json\/wp\/v2\/pages\/1231","targetHints":{"allow":["GET"]}}],"collection":[{"href":"https:\/\/arlanorte.com.br\/patriota\/wp-json\/wp\/v2\/pages"}],"about":[{"href":"https:\/\/arlanorte.com.br\/patriota\/wp-json\/wp\/v2\/types\/page"}],"author":[{"embeddable":true,"href":"https:\/\/arlanorte.com.br\/patriota\/wp-json\/wp\/v2\/users\/1"}],"replies":[{"embeddable":true,"href":"https:\/\/arlanorte.com.br\/patriota\/wp-json\/wp\/v2\/comments?post=1231"}],"version-history":[{"count":0,"href":"https:\/\/arlanorte.com.br\/patriota\/wp-json\/wp\/v2\/pages\/1231\/revisions"}],"wp:attachment":[{"href":"https:\/\/arlanorte.com.br\/patriota\/wp-json\/wp\/v2\/media?parent=1231"}],"curies":[{"name":"wp","href":"https:\/\/api.w.org\/{rel}","templated":true}]}}